{"id":1446,"date":"2020-10-30T17:12:37","date_gmt":"2020-10-30T16:12:37","guid":{"rendered":"http:\/\/salamecacciatore.it\/consorzio-cacciatore-italiano\/"},"modified":"2021-03-05T16:42:34","modified_gmt":"2021-03-05T15:42:34","slug":"consorzio-cacciatore-italiano","status":"publish","type":"page","link":"https:\/\/salamecacciatore.it\/de\/consorzio-cacciatore-italiano\/","title":{"rendered":"Il Consorzio"},"content":{"rendered":"<p>Die Unternehmen des Konsortiums verwenden eine gemeinsame und einheitliche Etikettierung (ein konsortiumtypisches, leicht identifizierbares Element), die dem Verbraucher die Erkennung des Produktes erleichtert. Das Konsortium kann auf die gesamte Produktionskette der Salamini Italiani alla Cacciatora g. U. einwirken. Dies gilt ebenfalls f\u00fcr nicht zum Konsortium geh\u00f6rige Unternehmen. Es verf\u00fcgt auch dank eigener \u201eKontrolleure\u201c \u00fcber Aufsichtsbefugnisse, die auf nationalem wie internationalem Gebiet vor Missbrauch, Nachahmungen, Produktpiraterie und F\u00e4lschungen sch\u00fctzen.<\/p>\n<p>Das Konsortium f\u00f6rdert daneben Programme zur Verbesserung der Produktionsqualit\u00e4t in Bezug auf die hygienisch-sanit\u00e4re Sicherheit sowie auf die chemischen, physikalischen, organoleptischen und ern\u00e4hrungsspezifischen Eigenschaften des gesch\u00fctzten Produkts. Die Anerkennung, die das Konsortium im Jahr 2005 vom Ministerium f\u00fcr Agrar-, Nahrungsmittel- und Forstwirtschaftspolitik erhalten hat, verleiht ihm den Status einer offiziell anerkannten Institution, welche zur Aus\u00fcbung der Funktionen Information, Schutz und Aufwertung der Salamini Italiani alla Cacciatora g. U. befugt ist.<\/p>\n","protected":false},"excerpt":{"rendered":"<p>Die Unternehmen des Konsortiums verwenden eine gemeinsame und einheitliche Etikettierung (ein konsortiumtypisches, leicht identifizierbares Element), die dem Verbraucher die Erkennung des Produktes erleichtert. Das Konsortium kann auf die gesamte Produktionskette der Salamini Italiani alla Cacciatora g. U. einwirken. Dies gilt ebenfalls f\u00fcr nicht zum Konsortium geh\u00f6rige Unternehmen. Es verf\u00fcgt auch dank eigener \u201eKontrolleure\u201c \u00fcber Aufsichtsbefugnisse, [&hellip;]<\/p>\n","protected":false},"author":1,"featured_media":0,"parent":0,"menu_order":0,"comment_status":"closed","ping_status":"closed","template":"consorzio.php","meta":{"_acf_changed":false,"footnotes":""},"class_list":["post-1446","page","type-page","status-publish","hentry"],"acf":[],"yoast_head":"<!-- This site is optimized with the Yoast SEO plugin v27.0 - https:\/\/yoast.com\/product\/yoast-seo-wordpress\/ -->\n<title>Il Consorzio - salame-cacciatore<\/title>\n<meta name=\"robots\" content=\"index, follow, max-snippet:-1, max-image-preview:large, max-video-preview:-1\" \/>\n<link rel=\"canonical\" href=\"https:\/\/salamecacciatore.it\/de\/consorzio-cacciatore-italiano\/\" \/>\n<meta property=\"og:locale\" content=\"de_DE\" \/>\n<meta property=\"og:type\" content=\"article\" \/>\n<meta property=\"og:title\" content=\"Il Consorzio - salame-cacciatore\" \/>\n<meta property=\"og:description\" content=\"Die Unternehmen des Konsortiums verwenden eine gemeinsame und einheitliche Etikettierung (ein konsortiumtypisches, leicht identifizierbares Element), die dem Verbraucher die Erkennung des Produktes erleichtert. Das Konsortium kann auf die gesamte Produktionskette der Salamini Italiani alla Cacciatora g. U. einwirken. Dies gilt ebenfalls f\u00fcr nicht zum Konsortium geh\u00f6rige Unternehmen. Es verf\u00fcgt auch dank eigener \u201eKontrolleure\u201c \u00fcber Aufsichtsbefugnisse, [&hellip;]\" \/>\n<meta property=\"og:url\" content=\"https:\/\/salamecacciatore.it\/de\/consorzio-cacciatore-italiano\/\" \/>\n<meta property=\"og:site_name\" content=\"salame-cacciatore\" \/>\n<meta property=\"article:modified_time\" content=\"2021-03-05T15:42:34+00:00\" \/>\n<meta name=\"twitter:card\" content=\"summary_large_image\" \/>\n<meta name=\"twitter:label1\" content=\"Gesch\u00e4tzte Lesezeit\" \/>\n\t<meta name=\"twitter:data1\" content=\"1\u00a0Minute\" \/>\n<script type=\"application\/ld+json\" class=\"yoast-schema-graph\">{\"@context\":\"https:\/\/schema.org\",\"@graph\":[{\"@type\":\"WebPage\",\"@id\":\"https:\/\/salamecacciatore.it\/de\/consorzio-cacciatore-italiano\/\",\"url\":\"https:\/\/salamecacciatore.it\/de\/consorzio-cacciatore-italiano\/\",\"name\":\"Il Consorzio - salame-cacciatore\",\"isPartOf\":{\"@id\":\"https:\/\/salamecacciatore.it\/#website\"},\"datePublished\":\"2020-10-30T16:12:37+00:00\",\"dateModified\":\"2021-03-05T15:42:34+00:00\",\"breadcrumb\":{\"@id\":\"https:\/\/salamecacciatore.it\/de\/consorzio-cacciatore-italiano\/#breadcrumb\"},\"inLanguage\":\"de\",\"potentialAction\":[{\"@type\":\"ReadAction\",\"target\":[\"https:\/\/salamecacciatore.it\/de\/consorzio-cacciatore-italiano\/\"]}]},{\"@type\":\"BreadcrumbList\",\"@id\":\"https:\/\/salamecacciatore.it\/de\/consorzio-cacciatore-italiano\/#breadcrumb\",\"itemListElement\":[{\"@type\":\"ListItem\",\"position\":1,\"name\":\"Home\",\"item\":\"https:\/\/salamecacciatore.it\/de\/\"},{\"@type\":\"ListItem\",\"position\":2,\"name\":\"Il Consorzio\"}]},{\"@type\":\"WebSite\",\"@id\":\"https:\/\/salamecacciatore.it\/#website\",\"url\":\"https:\/\/salamecacciatore.it\/\",\"name\":\"salame-cacciatore\",\"description\":\"Un nuovo sito targato WordPress\",\"potentialAction\":[{\"@type\":\"SearchAction\",\"target\":{\"@type\":\"EntryPoint\",\"urlTemplate\":\"https:\/\/salamecacciatore.it\/?s={search_term_string}\"},\"query-input\":{\"@type\":\"PropertyValueSpecification\",\"valueRequired\":true,\"valueName\":\"search_term_string\"}}],\"inLanguage\":\"de\"}]}<\/script>\n<!-- \/ Yoast SEO plugin. -->","yoast_head_json":{"title":"Il Consorzio - salame-cacciatore","robots":{"index":"index","follow":"follow","max-snippet":"max-snippet:-1","max-image-preview":"max-image-preview:large","max-video-preview":"max-video-preview:-1"},"canonical":"https:\/\/salamecacciatore.it\/de\/consorzio-cacciatore-italiano\/","og_locale":"de_DE","og_type":"article","og_title":"Il Consorzio - salame-cacciatore","og_description":"Die Unternehmen des Konsortiums verwenden eine gemeinsame und einheitliche Etikettierung (ein konsortiumtypisches, leicht identifizierbares Element), die dem Verbraucher die Erkennung des Produktes erleichtert. Das Konsortium kann auf die gesamte Produktionskette der Salamini Italiani alla Cacciatora g. U. einwirken. Dies gilt ebenfalls f\u00fcr nicht zum Konsortium geh\u00f6rige Unternehmen. Es verf\u00fcgt auch dank eigener \u201eKontrolleure\u201c \u00fcber Aufsichtsbefugnisse, [&hellip;]","og_url":"https:\/\/salamecacciatore.it\/de\/consorzio-cacciatore-italiano\/","og_site_name":"salame-cacciatore","article_modified_time":"2021-03-05T15:42:34+00:00","twitter_card":"summary_large_image","twitter_misc":{"Gesch\u00e4tzte Lesezeit":"1\u00a0Minute"},"schema":{"@context":"https:\/\/schema.org","@graph":[{"@type":"WebPage","@id":"https:\/\/salamecacciatore.it\/de\/consorzio-cacciatore-italiano\/","url":"https:\/\/salamecacciatore.it\/de\/consorzio-cacciatore-italiano\/","name":"Il Consorzio - salame-cacciatore","isPartOf":{"@id":"https:\/\/salamecacciatore.it\/#website"},"datePublished":"2020-10-30T16:12:37+00:00","dateModified":"2021-03-05T15:42:34+00:00","breadcrumb":{"@id":"https:\/\/salamecacciatore.it\/de\/consorzio-cacciatore-italiano\/#breadcrumb"},"inLanguage":"de","potentialAction":[{"@type":"ReadAction","target":["https:\/\/salamecacciatore.it\/de\/consorzio-cacciatore-italiano\/"]}]},{"@type":"BreadcrumbList","@id":"https:\/\/salamecacciatore.it\/de\/consorzio-cacciatore-italiano\/#breadcrumb","itemListElement":[{"@type":"ListItem","position":1,"name":"Home","item":"https:\/\/salamecacciatore.it\/de\/"},{"@type":"ListItem","position":2,"name":"Il Consorzio"}]},{"@type":"WebSite","@id":"https:\/\/salamecacciatore.it\/#website","url":"https:\/\/salamecacciatore.it\/","name":"salame-cacciatore","description":"Un nuovo sito targato WordPress","potentialAction":[{"@type":"SearchAction","target":{"@type":"EntryPoint","urlTemplate":"https:\/\/salamecacciatore.it\/?s={search_term_string}"},"query-input":{"@type":"PropertyValueSpecification","valueRequired":true,"valueName":"search_term_string"}}],"inLanguage":"de"}]}},"_links":{"self":[{"href":"https:\/\/salamecacciatore.it\/de\/wp-json\/wp\/v2\/pages\/1446","targetHints":{"allow":["GET"]}}],"collection":[{"href":"https:\/\/salamecacciatore.it\/de\/wp-json\/wp\/v2\/pages"}],"about":[{"href":"https:\/\/salamecacciatore.it\/de\/wp-json\/wp\/v2\/types\/page"}],"author":[{"embeddable":true,"href":"https:\/\/salamecacciatore.it\/de\/wp-json\/wp\/v2\/users\/1"}],"replies":[{"embeddable":true,"href":"https:\/\/salamecacciatore.it\/de\/wp-json\/wp\/v2\/comments?post=1446"}],"version-history":[{"count":4,"href":"https:\/\/salamecacciatore.it\/de\/wp-json\/wp\/v2\/pages\/1446\/revisions"}],"predecessor-version":[{"id":1670,"href":"https:\/\/salamecacciatore.it\/de\/wp-json\/wp\/v2\/pages\/1446\/revisions\/1670"}],"wp:attachment":[{"href":"https:\/\/salamecacciatore.it\/de\/wp-json\/wp\/v2\/media?parent=1446"}],"curies":[{"name":"wp","href":"https:\/\/api.w.org\/{rel}","templated":true}]}}